{"id":21637,"date":"2023-01-05T09:23:11","date_gmt":"2023-01-05T08:23:11","guid":{"rendered":"https:\/\/balticwind.eu\/?page_id=21637"},"modified":"2023-01-19T09:28:03","modified_gmt":"2023-01-19T08:28:03","slug":"eduoffshorewind2023","status":"publish","type":"page","link":"https:\/\/balticwind.eu\/pl\/eduoffshorewind2023\/","title":{"rendered":"EDUoffshorewind2023"},"content":{"rendered":"<p><div class=\"fusion-fullwidth fullwidth-box fusion-builder-row-1 fusion-flex-container nonhundred-percent-fullwidth non-hundred-percent-height-scrolling\" style=\"background-color: rgba(255,255,255,0);background-position: center center;background-repeat: no-repeat;border-width: 0px 0px 0px 0px;border-color:#eaeaea;border-style:solid;\" ><div class=\"fusion-builder-row fusion-row fusion-flex-align-items-flex-start\" style=\"max-width:1289.6px;margin-left: calc(-4% \/ 2 );margin-right: calc(-4% \/ 2 );\"><div class=\"fusion-layout-column fusion_builder_column fusion-builder-column-0 fusion_builder_column_1_1 1_1 fusion-flex-column\"><div class=\"fusion-column-wrapper fusion-flex-justify-content-flex-start fusion-content-layout-column\" style=\"background-position:left top;background-repeat:no-repeat;-webkit-background-size:cover;-moz-background-size:cover;-o-background-size:cover;background-size:cover;background-color:rgba(255,233,0,0);padding: 0px 0px 0px 0px;\"><div ><span class=\" fusion-imageframe imageframe-none imageframe-1 hover-type-none\"><img decoding=\"async\" width=\"1200\" height=\"850\" title=\"EOW_BANNER_1200x850\" src=\"https:\/\/balticwind.eu\/wp-content\/uploads\/2023\/01\/EOW_BANNER_1200x850.png\" class=\"img-responsive wp-image-22564\" srcset=\"https:\/\/balticwind.eu\/wp-content\/uploads\/2023\/01\/EOW_BANNER_1200x850-200x142.png 200w, https:\/\/balticwind.eu\/wp-content\/uploads\/2023\/01\/EOW_BANNER_1200x850-400x283.png 400w, https:\/\/balticwind.eu\/wp-content\/uploads\/2023\/01\/EOW_BANNER_1200x850-600x425.png 600w, https:\/\/balticwind.eu\/wp-content\/uploads\/2023\/01\/EOW_BANNER_1200x850-800x567.png 800w, https:\/\/balticwind.eu\/wp-content\/uploads\/2023\/01\/EOW_BANNER_1200x850.png 1200w\" sizes=\"(max-width: 1024px) 100vw, (max-width: 640px) 100vw, 1200px\" \/><\/span><\/div><\/div><style type=\"text\/css\">.fusion-body .fusion-builder-column-0{width:100% !important;margin-top : 0px;margin-bottom : 20px;}.fusion-builder-column-0 > .fusion-column-wrapper {padding-top : 0px !important;padding-right : 0px !important;margin-right : 1.92%;padding-bottom : 0px !important;padding-left : 0px !important;margin-left : 1.92%;}@media only screen and (max-width:1024px) {.fusion-body .fusion-builder-column-0{width:100% !important;order : 0;}.fusion-builder-column-0 > .fusion-column-wrapper {margin-right : 1.92%;margin-left : 1.92%;}}@media only screen and (max-width:640px) {.fusion-body .fusion-builder-column-0{width:100% !important;order : 0;}.fusion-builder-column-0 > .fusion-column-wrapper {margin-right : 1.92%;margin-left : 1.92%;}}<\/style><\/div><\/div><style type=\"text\/css\">.fusion-body .fusion-flex-container.fusion-builder-row-1{ padding-top : 0px;margin-top : 0px;padding-right : 0px;padding-bottom : 0px;margin-bottom : 0px;padding-left : 0px;}<\/style><\/div><div class=\"fusion-fullwidth fullwidth-box fusion-builder-row-2 fusion-flex-container nonhundred-percent-fullwidth non-hundred-percent-height-scrolling\" style=\"background-color: rgba(255,255,255,0);background-position: center center;background-repeat: no-repeat;border-width: 0px 10px 10px 10px;border-color:#013f58;border-style:solid;\" ><div class=\"fusion-builder-row fusion-row fusion-flex-align-items-flex-start\" style=\"max-width:1289.6px;margin-left: calc(-4% \/ 2 );margin-right: calc(-4% \/ 2 );\"><div class=\"fusion-layout-column fusion_builder_column fusion-builder-column-1 fusion_builder_column_1_1 1_1 fusion-flex-column fusion-no-small-visibility fusion-no-medium-visibility\"><div class=\"fusion-column-wrapper fusion-flex-justify-content-flex-start fusion-content-layout-column\" style=\"background-position:left top;background-repeat:no-repeat;-webkit-background-size:cover;-moz-background-size:cover;-o-background-size:cover;background-size:cover;background-color:#013f58;padding: 0px 0px 0px 0px;\"><style type=\"text\/css\">@media only screen and (max-width:1024px) {.fusion-title.fusion-title-1{margin-top:20px!important; margin-right:0px!important;margin-bottom:-10px!important;margin-left:0px!important;}}@media only screen and (max-width:640px) {.fusion-title.fusion-title-1{margin-top:0px!important; margin-right:0px!important;margin-bottom:20px!important; margin-left:0px!important;}}<\/style><div class=\"fusion-title title fusion-title-1 fusion-title-center fusion-title-text fusion-title-size-one\" style=\"font-size:36px;margin-top:20px;margin-right:0px;margin-bottom:-10px;margin-left:0px;\"><div class=\"title-sep-container title-sep-container-left\"><div class=\"title-sep sep-\" style=\"border-color:#eaeaea;\"><\/div><\/div><h1 class=\"title-heading-center fusion-responsive-typography-calculated\" style=\"margin:0;font-size:1em;color:#ffffff;--fontSize:36;line-height:1.2;\"><h2 style=\"color: #ffffff; font-size: 38px; text-align: center;\">I Edukacyjne Targi Kariery <strong>EDU OFFSHORE WIND 2023<\/strong><\/h2><\/h1><div class=\"title-sep-container title-sep-container-right\"><div class=\"title-sep sep-\" style=\"border-color:#eaeaea;\"><\/div><\/div><\/div><style type=\"text\/css\">@media only screen and (max-width:1024px) {.fusion-title.fusion-title-2{margin-top:0px!important; margin-right:0px!important;margin-bottom:-20px!important;margin-left:0px!important;}}@media only screen and (max-width:640px) {.fusion-title.fusion-title-2{margin-top:0px!important; margin-right:0px!important;margin-bottom:20px!important; margin-left:0px!important;}}<\/style><div class=\"fusion-title title fusion-title-2 fusion-title-center fusion-title-text fusion-title-size-one\" style=\"font-size:36px;margin-top:0px;margin-right:0px;margin-bottom:-20px;margin-left:0px;\"><div class=\"title-sep-container title-sep-container-left\"><div class=\"title-sep sep-\" style=\"border-color:#eaeaea;\"><\/div><\/div><h1 class=\"title-heading-center fusion-responsive-typography-calculated\" style=\"margin:0;font-size:1em;color:#ffffff;--fontSize:36;line-height:1.2;\"><h2><span style=\"color: #ffffff;\"><i><span style=\"font-weight: 400;\">Innowacyjne kierunki rozwoju kariery\u00a0zawodowej dla uczni\u00f3w szk\u00f3\u0142 ponadpodstaw<\/span><\/i><\/span><\/h2><\/h1><div class=\"title-sep-container title-sep-container-right\"><div class=\"title-sep sep-\" style=\"border-color:#eaeaea;\"><\/div><\/div><\/div><style type=\"text\/css\">@media only screen and (max-width:1024px) {.fusion-title.fusion-title-3{margin-top:10px!important; margin-right:0px!important;margin-bottom:10px!important;margin-left:0px!important;}}@media only screen and (max-width:640px) {.fusion-title.fusion-title-3{margin-top:0px!important; margin-right:0px!important;margin-bottom:20px!important; margin-left:0px!important;}}<\/style><div class=\"fusion-title title fusion-title-3 fusion-title-center fusion-title-text fusion-title-size-one\" style=\"font-size:36px;margin-top:10px;margin-right:0px;margin-bottom:10px;margin-left:0px;\"><div class=\"title-sep-container title-sep-container-left\"><div class=\"title-sep sep-\" style=\"border-color:#eaeaea;\"><\/div><\/div><h1 class=\"title-heading-center fusion-responsive-typography-calculated\" style=\"margin:0;font-size:1em;color:#ffffff;--fontSize:36;line-height:1.2;\"><h2 style=\"color: #ffffff; font-size: 38px; text-align: center;\">14-15.03.2023<\/h2><\/h1><div class=\"title-sep-container title-sep-container-right\"><div class=\"title-sep sep-\" style=\"border-color:#eaeaea;\"><\/div><\/div><\/div><\/div><style type=\"text\/css\">.fusion-body .fusion-builder-column-1{width:100% !important;margin-top : 0px;margin-bottom : 20px;}.fusion-builder-column-1 > .fusion-column-wrapper {padding-top : 0px !important;padding-right : 0px !important;margin-right : 1.92%;padding-bottom : 0px !important;padding-left : 0px !important;margin-left : 1.92%;}@media only screen and (max-width:1024px) {.fusion-body .fusion-builder-column-1{width:100% !important;order : 0;}.fusion-builder-column-1 > .fusion-column-wrapper {margin-right : 1.92%;margin-left : 1.92%;}}@media only screen and (max-width:640px) {.fusion-body .fusion-builder-column-1{width:100% !important;order : 0;}.fusion-builder-column-1 > .fusion-column-wrapper {margin-right : 1.92%;margin-left : 1.92%;}}<\/style><\/div><div class=\"fusion-layout-column fusion_builder_column fusion-builder-column-2 fusion_builder_column_1_1 1_1 fusion-flex-column fusion-flex-align-self-center fusion-no-large-visibility\"><div class=\"fusion-column-wrapper fusion-flex-justify-content-center fusion-content-layout-column\" style=\"background-position:left top;background-repeat:no-repeat;-webkit-background-size:cover;-moz-background-size:cover;-o-background-size:cover;background-size:cover;background-color:#09357a;padding: 40px 0px 0px 0px;\"><style type=\"text\/css\">@media only screen and (max-width:1024px) {.fusion-title.fusion-title-4{margin-top:20px!important; margin-right:0px!important;margin-bottom:20px!important;margin-left:0px!important;}}@media only screen and (max-width:640px) {.fusion-title.fusion-title-4{margin-top:0px!important; margin-right:0px!important;margin-bottom:20px!important; margin-left:0px!important;}}<\/style><div class=\"fusion-title title fusion-title-4 fusion-title-text fusion-title-size-one\" style=\"font-size:25px;margin-top:20px;margin-right:0px;margin-bottom:20px;margin-left:0px;\"><div class=\"title-sep-container title-sep-container-left fusion-no-large-visibility fusion-no-medium-visibility fusion-no-small-visibility\"><div class=\"title-sep sep-\" style=\"border-color:#eaeaea;\"><\/div><\/div><h1 class=\"title-heading-left fusion-responsive-typography-calculated\" style=\"margin:0;font-size:1em;color:#ffffff;--fontSize:25;line-height:1.2;\"><h2 style=\"color: #ffffff; font-size: 25px; text-align: center;\"><strong>EDUoffshorewind2023<\/strong><\/h2><\/h1><div class=\"title-sep-container title-sep-container-right\"><div class=\"title-sep sep-\" style=\"border-color:#eaeaea;\"><\/div><\/div><\/div><\/div><style type=\"text\/css\">.fusion-body .fusion-builder-column-2{width:100% !important;margin-top : 0px;margin-bottom : 20px;}.fusion-builder-column-2 > .fusion-column-wrapper {padding-top : 40px !important;padding-right : 0px !important;margin-right : 1.92%;padding-bottom : 0px !important;padding-left : 0px !important;margin-left : 1.92%;}@media only screen and (max-width:1024px) {.fusion-body .fusion-builder-column-2{width:100% !important;order : 0;}.fusion-builder-column-2 > .fusion-column-wrapper {margin-right : 1.92%;margin-left : 1.92%;}}@media only screen and (max-width:640px) {.fusion-body .fusion-builder-column-2{width:100% !important;order : 0;}.fusion-builder-column-2 > .fusion-column-wrapper {margin-right : 1.92%;margin-left : 1.92%;}}<\/style><\/div><div class=\"fusion-layout-column fusion_builder_column fusion-builder-column-3 fusion_builder_column_1_1 1_1 fusion-flex-column\"><div class=\"fusion-column-wrapper fusion-flex-justify-content-flex-start fusion-content-layout-column\" style=\"background-position:left top;background-repeat:no-repeat;-webkit-background-size:cover;-moz-background-size:cover;-o-background-size:cover;background-size:cover;background-color:#ffffff;padding: 20px 20px 20px 20px;\"><div class=\"fusion-text fusion-text-1\" style=\"color:#013f58;font-family:&quot;Mulish&quot;;font-weight:400;\"><p>14-15 marca 2023 w hali Amber Expo w Gda\u0144sku odb\u0119d\u0105 si\u0119 <strong>I Edukacyjne Targi Kariery EDU OFFSHORE WIND.<\/strong><\/p>\n<p>Targi edukacyjne s\u0105 odpowiedzi\u0105 na du\u017ce zainteresowanie bran\u017c\u0105 morskiej energetyki wiatrowej\u00a0w Polsce. Kszta\u0142cenie m\u0142odzie\u017cy jest jednym z kluczowych warunk\u00f3w rozwoju i sukcesu tego sektora. Zapotrzebowanie na nowych, ale ju\u017c wykwalifikowanych pracownik\u00f3w w najbli\u017cszej przysz\u0142o\u015bci jest szacowane na kilkana\u015bcie tysi\u0119cy, a w dalszej perspektywie nawet do 60 tysi\u0119cy os\u00f3b.\u00a0Aby zape\u0142ni\u0107 t\u0119 luk\u0119, musimy ju\u017c dzi\u015b my\u015ble\u0107 o pokoleniu, kt\u00f3re uczy si\u0119 jeszcze w szko\u0142ach podstawowych i ponadpodstawowych. St\u0105d idea targ\u00f3w jako miejsca, kt\u00f3re pozwoli\u00a0na bezpo\u015bredni kontakt i rozmowy z przysz\u0142ymi pracownikami i pracodawcami sektora offshore\u00a0w przyjaznej atmosferze.\u00a0Rozw\u00f3j kompetencji na poziomie szk\u00f3\u0142 ponadpodstawowych, a tak\u017ce ju\u017c szk\u00f3\u0142 podstawowych traktowane jest priorytetowo w ramach dzia\u0142alno\u015bci Pomorskiej Platformy Rozwoju Morskiej Energetyki Wiatrowej na Ba\u0142tyku. Potwierdzeniem tego jest realizacja inicjatywy Pomorskiego Centrum Kompetencji Morskiej Energetyki Odnawialnej w Rumi, kt\u00f3re obecnie jest odpowiedzialne za prowadzenie programu edukacyjno-informacyjnego.<\/p>\n<p><strong>Targi EDU OFFSHORE WIND, kt\u00f3re odb\u0119d\u0105 si\u0119 14-15 marca 2023 w Gda\u0144sku to pierwsze na tak\u0105 skal\u0119 wydarzenie po\u015bwi\u0119cone morskiej energetyce wiatrowej w Polsce.<\/strong><\/p>\n<p>Wydarzenie organizuj\u0105 przedstawiciele Pomorskiej Platformy Rozwoju Morskiej Energetyki Wiatrowej na Ba\u0142tyku (Rumia Invest Park sp. z o.o., Co-Made Sp. z o.o, oraz Fundacja Innowacyjnego Przemys\u0142u Energetyki Morskiej) wraz z Mi\u0119dzynarodowymi Targami Gda\u0144skimi S.A. Targi odb\u0119d\u0105 si\u0119 pod patronatem <strong>Samorz\u0105du Wojew\u00f3dztwa Pomorskiego i miasta Gda\u0144sk.<\/strong><\/p>\n<p>Do udzia\u0142u w targach jako wystawc\u00f3w zaproszono deweloper\u00f3w morskich farm wiatrowych, producent\u00f3w turbin oraz wszystkich pozosta\u0142ych uczestnik\u00f3w \u0142a\u0144cucha dostaw odpowiedzialnych za budow\u0119 i instalacj\u0119 lub obs\u0142ug\u0119 farm. Uczestniczy\u0107 te\u017c b\u0119d\u0105 szko\u0142y GWO, uczelnie wy\u017csze, zrzeszenia pracodawc\u00f3w i wiele innych.<\/p>\n<p>Organizatorzy zaplanowali r\u00f3wnie\u017c tzw. stref\u0119 inspiracji, w ramach kt\u00f3rej odb\u0119dzie si\u0119 szereg wydarze\u0144 w formie interaktywnej, zach\u0119caj\u0105cej m\u0142odych uczestnik\u00f3w do zainteresowania si\u0119 sektorem MEW. Dodatkowo odwiedzaj\u0105cy b\u0119d\u0105 mogli wzi\u0105\u0107 udzia\u0142 w spotkaniach z polskimi pracownikami bran\u017cy, kt\u00f3rzy opowiedz\u0105, w jaki spos\u00f3b rozpocz\u0119li prac\u0119 w sektorze, jakie s\u0105 tego korzy\u015bci i jakie maj\u0105 rady dla uczni\u00f3w, kt\u00f3rzy chcieliby zwi\u0105za\u0107 swoj\u0105 karier\u0119 zawodow\u0105 z morsk\u0105 energetyk\u0105 wiatrow\u0105.<\/p>\n<p><strong>EDU OFFSHORE WIND 2023<\/strong> b\u0119dzie fina\u0142em ca\u0142ego programu edukacyjnego, kt\u00f3ry ju\u017c trwa w szko\u0142ach ponadpodstawowych wszystkich powiat\u00f3w woj. pomorskiego. Program sk\u0142ada si\u0119 z warsztat\u00f3w w wybranych szko\u0142ach, rozbudowanych prezentacji online: na kanale YouTube (www.youtube.com\/@eduoffshorewind), TikToku, Instagramie czy Facebooku itd. podczas kt\u00f3rych uczniowie zapoznaj\u0105 si\u0119 tajnikami energetyki wiatrowej \u2013 gotowe lekcje publikowane s\u0105 nie tylko na kanale YouTube ale te\u017c na specjalnie przygotowanej platformie edukacyjnej.<\/p>\n<p>Nie ob\u0119dzie si\u0119 r\u00f3wnie\u017c bez konkurs\u00f3w z atrakcyjnymi nagrodami (rzeczowymi i w postaci wizyt studyjnych) dla m\u0142odzie\u017cy i szk\u00f3\u0142 za aktywne uczestnictwo w ca\u0142ym programie. Po wydarzeniu zaplanowane s\u0105 panele dyskusyjne w formacie webinar\u00f3w skierowane m.in. do rodzic\u00f3w i nauczycieli.<\/p>\n<p>Aby si\u0119 zarejestrowa\u0107 odwied\u017a stron\u0119: http:\/\/eduoffshorewind.pl\/<\/p>\n<\/div><\/div><style type=\"text\/css\">.fusion-body .fusion-builder-column-3{width:100% !important;margin-top : 0px;margin-bottom : 20px;}.fusion-builder-column-3 > .fusion-column-wrapper {padding-top : 20px !important;padding-right : 20px !important;margin-right : 1.92%;padding-bottom : 20px !important;padding-left : 20px !important;margin-left : 1.92%;}@media only screen and (max-width:1024px) {.fusion-body .fusion-builder-column-3{width:100% !important;order : 0;}.fusion-builder-column-3 > .fusion-column-wrapper {margin-right : 1.92%;margin-left : 1.92%;}}@media only screen and (max-width:640px) {.fusion-body .fusion-builder-column-3{width:100% !important;order : 0;}.fusion-builder-column-3 > .fusion-column-wrapper {margin-right : 1.92%;margin-left : 1.92%;}}<\/style><\/div><\/div><style type=\"text\/css\">.fusion-body .fusion-flex-container.fusion-builder-row-2{ padding-top : 0px;margin-top : 0px;padding-right : 0px;padding-bottom : 0px;margin-bottom : 0px;padding-left : 0px;}<\/style><\/div><div class=\"fusion-fullwidth fullwidth-box fusion-builder-row-3 fusion-flex-container nonhundred-percent-fullwidth non-hundred-percent-height-scrolling\" style=\"background-color: rgba(255,255,255,0);background-position: center center;background-repeat: no-repeat;border-width: 0px 0px 0px 0px;border-color:#eaeaea;border-style:solid;\" ><div class=\"fusion-builder-row fusion-row fusion-flex-align-items-flex-start\" style=\"max-width:1289.6px;margin-left: calc(-4% \/ 2 );margin-right: calc(-4% \/ 2 );\"><div class=\"fusion-layout-column fusion_builder_column fusion-builder-column-4 fusion_builder_column_1_1 1_1 fusion-flex-column\"><div class=\"fusion-column-wrapper fusion-flex-justify-content-flex-start fusion-content-layout-column\" style=\"background-position:left top;background-repeat:no-repeat;-webkit-background-size:cover;-moz-background-size:cover;-o-background-size:cover;background-size:cover;background-color:rgba(255,233,0,0);padding: 0px 0px 0px 0px;\"><\/div><style type=\"text\/css\">.fusion-body .fusion-builder-column-4{width:100% !important;margin-top : 0px;margin-bottom : 20px;}.fusion-builder-column-4 > .fusion-column-wrapper {padding-top : 0px !important;padding-right : 0px !important;margin-right : 1.92%;padding-bottom : 0px !important;padding-left : 0px !important;margin-left : 1.92%;}@media only screen and (max-width:1024px) {.fusion-body .fusion-builder-column-4{width:100% !important;order : 0;}.fusion-builder-column-4 > .fusion-column-wrapper {margin-right : 1.92%;margin-left : 1.92%;}}@media only screen and (max-width:640px) {.fusion-body .fusion-builder-column-4{width:100% !important;order : 0;}.fusion-builder-column-4 > .fusion-column-wrapper {margin-right : 1.92%;margin-left : 1.92%;}}<\/style><\/div><\/div><style type=\"text\/css\">.fusion-body .fusion-flex-container.fusion-builder-row-3{ padding-top : 0px;margin-top : 0px;padding-right : 0px;padding-bottom : 0px;margin-bottom : 0px;padding-left : 0px;}<\/style><\/div><\/p>\n","protected":false},"excerpt":{"rendered":"","protected":false},"author":1,"featured_media":0,"parent":0,"menu_order":0,"comment_status":"closed","ping_status":"closed","template":"","meta":[],"acf":[],"_links":{"self":[{"href":"https:\/\/balticwind.eu\/pl\/wp-json\/wp\/v2\/pages\/21637"}],"collection":[{"href":"https:\/\/balticwind.eu\/pl\/wp-json\/wp\/v2\/pages"}],"about":[{"href":"https:\/\/balticwind.eu\/pl\/wp-json\/wp\/v2\/types\/page"}],"author":[{"embeddable":true,"href":"https:\/\/balticwind.eu\/pl\/wp-json\/wp\/v2\/users\/1"}],"replies":[{"embeddable":true,"href":"https:\/\/balticwind.eu\/pl\/wp-json\/wp\/v2\/comments?post=21637"}],"version-history":[{"count":0,"href":"https:\/\/balticwind.eu\/pl\/wp-json\/wp\/v2\/pages\/21637\/revisions"}],"wp:attachment":[{"href":"https:\/\/balticwind.eu\/pl\/wp-json\/wp\/v2\/media?parent=21637"}],"curies":[{"name":"wp","href":"https:\/\/api.w.org\/{rel}","templated":true}]}}