{"id":3955,"date":"2021-06-28T23:08:44","date_gmt":"2021-06-28T21:08:44","guid":{"rendered":"https:\/\/balticwind.eu\/?page_id=3955"},"modified":"2021-08-23T23:16:20","modified_gmt":"2021-08-23T21:16:20","slug":"o-nas","status":"publish","type":"page","link":"https:\/\/balticwind.eu\/pl\/o-nas\/","title":{"rendered":"O nas"},"content":{"rendered":"<div class=\"fusion-fullwidth fullwidth-box fusion-builder-row-1 fusion-flex-container nonhundred-percent-fullwidth non-hundred-percent-height-scrolling\" style=\"background-color: rgba(255,255,255,0);background-position: center center;background-repeat: no-repeat;border-width: 0px 0px 0px 0px;border-color:#eaeaea;border-style:solid;\" ><div class=\"fusion-builder-row fusion-row fusion-flex-align-items-flex-start\" style=\"max-width:1289.6px;margin-left: calc(-4% \/ 2 );margin-right: calc(-4% \/ 2 );\"><div class=\"fusion-layout-column fusion_builder_column fusion-builder-column-0 fusion_builder_column_1_1 1_1 fusion-flex-column\"><div class=\"fusion-column-wrapper fusion-flex-justify-content-flex-start fusion-content-layout-column\" style=\"background-position:left top;background-repeat:no-repeat;-webkit-background-size:cover;-moz-background-size:cover;-o-background-size:cover;background-size:cover;padding: 0px 0px 0px 0px;\"><div class=\"fusion-text fusion-text-1\"><p>O BalticWind.EU<\/p>\n<p>BalticWind.EU jest innowacyjn\u0105 platform\u0105 informacyjn\u0105, wspieraj\u0105c\u0105 komunikacj\u0119 i networking przedstawicieli bran\u017cy morskiej energetyki wiatrowej w regionie Morza Ba\u0142tyckiego. Dostrzegamy potrzeb\u0119 przyspieszenia procesu wdra\u017cania inwestycji w farmy wiatrowe w krajach Morza Ba\u0142tyckiego &#8211; z uwzgl\u0119dnieniem lokalnego przemys\u0142u, M\u015aP, zaanga\u017cowania spo\u0142eczno\u015bci lokalnych z Danii, Estonii, Finlandii, Niemiec, \u0141otwy, Litwy, Polski i Szwecji. Dlatego stwarzamy mo\u017cliwo\u015b\u0107 podzielenia si\u0119 g\u0142osem przedstawicieli przemys\u0142u, profesjonalist\u00f3w, za\u0142o\u017cycieli start-up\u00f3w, analityk\u00f3w, dziennikarzy, o\u015brodk\u00f3w akademickich i badawczych.<\/p>\n<p>Struktura BalticWind.EU jest zbudowana w oparciu o codzienne informacje bran\u017cowe, wzbogacone o wk\u0142ad ekspert\u00f3w, obszerne raporty i studia przypadk\u00f3w, ekskluzywny zbi\u00f3r ofert pracy\u00a0 w zakresie offshore, platform\u0119 wymiany do\u015bwiadcze\u0144 i warsztat\u00f3w, baz\u0119 danych projekt\u00f3w morskich farm wiatrowych we wszystkich krajach ba\u0142tyckich, w tym trwaj\u0105ce przetargi i wiele innych.<\/p>\n<p>Bez wdro\u017cenia morskiej energetyki wiatrowej nie b\u0119dzie mo\u017cliwa skuteczna realizacja celu Europejskiego Zielonego \u0141adu, jakim jest neutralno\u015b\u0107 klimatyczna do 2050 roku, jak r\u00f3wnie\u017c wype\u0142nienie cel\u00f3w Porozumienia Paryskiego.<\/p>\n<p>Dowiedz si\u0119 wi\u0119cej o naszych rozwi\u0105zaniach reklamowych.<\/p>\n<p>Chcesz skontaktowa\u0107 si\u0119 z naszym zespo\u0142em? Zobacz nasz\u0105 stron\u0119 kontaktow\u0105.<\/p>\n<\/div><\/div><style type=\"text\/css\">.fusion-body .fusion-builder-column-0{width:100% !important;margin-top : 0px;margin-bottom : 0px;}.fusion-builder-column-0 > .fusion-column-wrapper {padding-top : 0px !important;padding-right : 0px !important;margin-right : 1.92%;padding-bottom : 0px !important;padding-left : 0px !important;margin-left : 1.92%;}@media only screen and (max-width:1024px) {.fusion-body .fusion-builder-column-0{width:100% !important;}.fusion-builder-column-0 > .fusion-column-wrapper {margin-right : 1.92%;margin-left : 1.92%;}}@media only screen and (max-width:640px) {.fusion-body .fusion-builder-column-0{width:100% !important;}.fusion-builder-column-0 > .fusion-column-wrapper {margin-right : 1.92%;margin-left : 1.92%;}}<\/style><\/div><\/div><style type=\"text\/css\">.fusion-body .fusion-flex-container.fusion-builder-row-1{ padding-top : 0px;margin-top : 0px;padding-right : 0px;padding-bottom : 0px;margin-bottom : 0px;padding-left : 0px;}<\/style><\/div>\n","protected":false},"excerpt":{"rendered":"","protected":false},"author":8,"featured_media":0,"parent":0,"menu_order":0,"comment_status":"closed","ping_status":"closed","template":"","meta":[],"acf":[],"_links":{"self":[{"href":"https:\/\/balticwind.eu\/pl\/wp-json\/wp\/v2\/pages\/3955"}],"collection":[{"href":"https:\/\/balticwind.eu\/pl\/wp-json\/wp\/v2\/pages"}],"about":[{"href":"https:\/\/balticwind.eu\/pl\/wp-json\/wp\/v2\/types\/page"}],"author":[{"embeddable":true,"href":"https:\/\/balticwind.eu\/pl\/wp-json\/wp\/v2\/users\/8"}],"replies":[{"embeddable":true,"href":"https:\/\/balticwind.eu\/pl\/wp-json\/wp\/v2\/comments?post=3955"}],"version-history":[{"count":0,"href":"https:\/\/balticwind.eu\/pl\/wp-json\/wp\/v2\/pages\/3955\/revisions"}],"wp:attachment":[{"href":"https:\/\/balticwind.eu\/pl\/wp-json\/wp\/v2\/media?parent=3955"}],"curies":[{"name":"wp","href":"https:\/\/api.w.org\/{rel}","templated":true}]}}