{"id":3957,"date":"2021-06-28T23:12:39","date_gmt":"2021-06-28T21:12:39","guid":{"rendered":"https:\/\/balticwind.eu\/?page_id=3957"},"modified":"2021-06-28T23:13:09","modified_gmt":"2021-06-28T21:13:09","slug":"reklama","status":"publish","type":"page","link":"https:\/\/balticwind.eu\/pl\/reklama\/","title":{"rendered":"Reklama"},"content":{"rendered":"<div class=\"fusion-fullwidth fullwidth-box fusion-builder-row-1 fusion-flex-container nonhundred-percent-fullwidth non-hundred-percent-height-scrolling\" style=\"background-color: rgba(255,255,255,0);background-position: center center;background-repeat: no-repeat;border-width: 0px 0px 0px 0px;border-color:#eaeaea;border-style:solid;\" ><div class=\"fusion-builder-row fusion-row fusion-flex-align-items-flex-start\" style=\"max-width:1289.6px;margin-left: calc(-4% \/ 2 );margin-right: calc(-4% \/ 2 );\"><div class=\"fusion-layout-column fusion_builder_column fusion-builder-column-0 fusion_builder_column_1_1 1_1 fusion-flex-column\"><div class=\"fusion-column-wrapper fusion-flex-justify-content-flex-start fusion-content-layout-column\" style=\"background-position:left top;background-repeat:no-repeat;-webkit-background-size:cover;-moz-background-size:cover;-o-background-size:cover;background-size:cover;padding: 0px 0px 0px 0px;\"><div class=\"fusion-text fusion-text-1\"><p>Reklamuj si\u0119 na BalticWind.EU<\/p>\n<p>BalticWind.EU jest jedyn\u0105 regionaln\u0105 platform\u0105 medialn\u0105 zajmuj\u0105c\u0105 si\u0119 tematyk\u0105 offshore.\u00a0Nasze indywidualnie dopasowane rozwi\u0105zania reklamowe pomog\u0105 Ci dotrze\u0107 do w\u0142a\u015bciwych odbiorc\u00f3w.<\/p>\n<p>Oferta reklamowa BalticWind.EU to mi\u0119dzy innymi:<\/p>\n<ul>\n<li>Sponsoring raportu specjalnego<\/li>\n<li>Sponsorowanie stron tematycznych<\/li>\n<li>Sponsorowanie newslettera<\/li>\n<li>Sponsorowanie wydarze\u0144\/debat\/webinar\u00f3w<\/li>\n<li>Produkcja multimedialna<\/li>\n<li>Og\u0142oszenia o pracy i banery reklamowe<\/li>\n<\/ul>\n<p>Prosimy o kontakt z business@balticwind.eu w celu otrzymania indywidualnej oferty dla Pa\u0144stwa organizacji.<\/p>\n<\/div><\/div><style type=\"text\/css\">.fusion-body .fusion-builder-column-0{width:100% !important;margin-top : 0px;margin-bottom : 0px;}.fusion-builder-column-0 > .fusion-column-wrapper {padding-top : 0px !important;padding-right : 0px !important;margin-right : 1.92%;padding-bottom : 0px !important;padding-left : 0px !important;margin-left : 1.92%;}@media only screen and (max-width:1024px) {.fusion-body .fusion-builder-column-0{width:100% !important;}.fusion-builder-column-0 > .fusion-column-wrapper {margin-right : 1.92%;margin-left : 1.92%;}}@media only screen and (max-width:640px) {.fusion-body .fusion-builder-column-0{width:100% !important;}.fusion-builder-column-0 > .fusion-column-wrapper {margin-right : 1.92%;margin-left : 1.92%;}}<\/style><\/div><\/div><style type=\"text\/css\">.fusion-body .fusion-flex-container.fusion-builder-row-1{ padding-top : 0px;margin-top : 0px;padding-right : 0px;padding-bottom : 0px;margin-bottom : 0px;padding-left : 0px;}<\/style><\/div>\n","protected":false},"excerpt":{"rendered":"","protected":false},"author":8,"featured_media":0,"parent":0,"menu_order":0,"comment_status":"closed","ping_status":"closed","template":"","meta":[],"acf":[],"_links":{"self":[{"href":"https:\/\/balticwind.eu\/pl\/wp-json\/wp\/v2\/pages\/3957"}],"collection":[{"href":"https:\/\/balticwind.eu\/pl\/wp-json\/wp\/v2\/pages"}],"about":[{"href":"https:\/\/balticwind.eu\/pl\/wp-json\/wp\/v2\/types\/page"}],"author":[{"embeddable":true,"href":"https:\/\/balticwind.eu\/pl\/wp-json\/wp\/v2\/users\/8"}],"replies":[{"embeddable":true,"href":"https:\/\/balticwind.eu\/pl\/wp-json\/wp\/v2\/comments?post=3957"}],"version-history":[{"count":0,"href":"https:\/\/balticwind.eu\/pl\/wp-json\/wp\/v2\/pages\/3957\/revisions"}],"wp:attachment":[{"href":"https:\/\/balticwind.eu\/pl\/wp-json\/wp\/v2\/media?parent=3957"}],"curies":[{"name":"wp","href":"https:\/\/api.w.org\/{rel}","templated":true}]}}