{"id":3961,"date":"2021-06-28T23:20:42","date_gmt":"2021-06-28T21:20:42","guid":{"rendered":"https:\/\/balticwind.eu\/?page_id=3961"},"modified":"2021-08-23T23:12:13","modified_gmt":"2021-08-23T21:12:13","slug":"o-nas-2","status":"publish","type":"page","link":"https:\/\/balticwind.eu\/pl\/o-nas-2\/","title":{"rendered":"O BalticWind.EU"},"content":{"rendered":"<p><div class=\"fusion-fullwidth fullwidth-box fusion-builder-row-1 fusion-flex-container nonhundred-percent-fullwidth non-hundred-percent-height-scrolling\" style=\"background-color: rgba(255,255,255,0);background-position: center center;background-repeat: no-repeat;border-width: 0px 0px 0px 0px;border-color:#eaeaea;border-style:solid;\" ><div class=\"fusion-builder-row fusion-row fusion-flex-align-items-flex-start\" style=\"max-width:1289.6px;margin-left: calc(-4% \/ 2 );margin-right: calc(-4% \/ 2 );\"><div class=\"fusion-layout-column fusion_builder_column fusion-builder-column-0 fusion_builder_column_1_1 1_1 fusion-flex-column\"><div class=\"fusion-column-wrapper fusion-flex-justify-content-flex-start fusion-content-layout-column\" style=\"background-position:left top;background-repeat:no-repeat;-webkit-background-size:cover;-moz-background-size:cover;-o-background-size:cover;background-size:cover;padding: 0px 0px 0px 0px;\"><div class=\"fusion-text fusion-text-1\"><p style=\"text-align: center;\"><strong>Witamy na BalticWind.EU<\/strong><\/p>\n<p style=\"text-align: center;\"><strong>Na tej stronie znajd\u0105 Pa\u0144stwo wszystkie podstawowe informacje na temat naszej nowo uruchomionej platformy.<\/strong><\/p>\n<p style=\"text-align: center;\"><strong>Na pocz\u0105tek prosimy o obejrzenie video \u2013 przekazu\u00a0 naszego Dyrektora Zarz\u0105dzaj\u0105cego Paw\u0142a Wr\u00f3bla.<\/strong><\/p>\n<\/div><\/div><style type=\"text\/css\">.fusion-body .fusion-builder-column-0{width:100% !important;margin-top : 0px;margin-bottom : 20px;}.fusion-builder-column-0 > .fusion-column-wrapper {padding-top : 0px !important;padding-right : 0px !important;margin-right : 1.92%;padding-bottom : 0px !important;padding-left : 0px !important;margin-left : 1.92%;}@media only screen and (max-width:1024px) {.fusion-body .fusion-builder-column-0{width:100% !important;order : 0;}.fusion-builder-column-0 > .fusion-column-wrapper {margin-right : 1.92%;margin-left : 1.92%;}}@media only screen and (max-width:640px) {.fusion-body .fusion-builder-column-0{width:100% !important;order : 0;}.fusion-builder-column-0 > .fusion-column-wrapper {margin-right : 1.92%;margin-left : 1.92%;}}<\/style><\/div><\/div><style type=\"text\/css\">.fusion-body .fusion-flex-container.fusion-builder-row-1{ padding-top : 0px;margin-top : 0px;padding-right : 0px;padding-bottom : 0px;margin-bottom : 0px;padding-left : 0px;}<\/style><\/div><div class=\"fusion-fullwidth fullwidth-box fusion-builder-row-2 fusion-flex-container nonhundred-percent-fullwidth non-hundred-percent-height-scrolling\" style=\"background-color: rgba(255,255,255,0);background-position: center center;background-repeat: no-repeat;border-width: 0px 0px 0px 0px;border-color:#eaeaea;border-style:solid;\" ><div class=\"fusion-builder-row fusion-row fusion-flex-align-items-flex-start\" style=\"max-width:1289.6px;margin-left: calc(-4% \/ 2 );margin-right: calc(-4% \/ 2 );\"><div class=\"fusion-layout-column fusion_builder_column fusion-builder-column-1 fusion_builder_column_1_2 1_2 fusion-flex-column\"><div class=\"fusion-column-wrapper fusion-flex-justify-content-flex-start fusion-content-layout-column\" style=\"background-position:left top;background-repeat:no-repeat;-webkit-background-size:cover;-moz-background-size:cover;-o-background-size:cover;background-size:cover;padding: 0px 0px 0px 0px;\"><div class=\"fusion-text fusion-text-2\"><p><em>Po wielu tygodniach przygotowa\u0144 oddajemy w Pa\u0144stwa r\u0119ce innowacyjn\u0105 platform\u0119, kt\u00f3rej celem jest przede wszystkim tworzenie nowych mo\u017cliwo\u015bci. BalticWind.EU to przestrze\u0144, w kt\u00f3rej g\u0142os zabieraj\u0105 przedstawiciele bran\u017cy offshore &#8211; profesjonali\u015bci, za\u0142o\u017cyciele start-up\u00f3w, analitycy, dziennikarze,\u00a0 naukowcy o\u015brodk\u00f3w akademickich i badawczych. Wierzymy, \u017ce wsp\u00f3\u0142praca regionalna jest kluczem do uwolnienia ogromnego potencja\u0142u Morza Ba\u0142tyckiego. Zapraszamy do #BalticWindNetwork.&#8221;<\/em><\/p>\n<p>&#8211; powiedzia\u0142 Pawe\u0142 Wr\u00f3bel, Dyrektor Zarz\u0105dzaj\u0105cy w BalticWind.EU<\/p>\n<\/div><\/div><style type=\"text\/css\">.fusion-body .fusion-builder-column-1{width:50% !important;margin-top : 0px;margin-bottom : 20px;}.fusion-builder-column-1 > .fusion-column-wrapper {padding-top : 0px !important;padding-right : 0px !important;margin-right : 3.84%;padding-bottom : 0px !important;padding-left : 0px !important;margin-left : 3.84%;}@media only screen and (max-width:1024px) {.fusion-body .fusion-builder-column-1{width:100% !important;order : 0;}.fusion-builder-column-1 > .fusion-column-wrapper {margin-right : 1.92%;margin-left : 1.92%;}}@media only screen and (max-width:640px) {.fusion-body .fusion-builder-column-1{width:100% !important;order : 0;}.fusion-builder-column-1 > .fusion-column-wrapper {margin-right : 1.92%;margin-left : 1.92%;}}<\/style><\/div><div class=\"fusion-layout-column fusion_builder_column fusion-builder-column-2 fusion_builder_column_1_2 1_2 fusion-flex-column\"><div class=\"fusion-column-wrapper fusion-flex-justify-content-flex-start fusion-content-layout-column\" style=\"background-position:left top;background-repeat:no-repeat;-webkit-background-size:cover;-moz-background-size:cover;-o-background-size:cover;background-size:cover;padding: 0px 0px 0px 0px;\"><div class=\"fusion-text fusion-text-3\"><div class=\"video-shortcode\">\n<div class=\"geodir-embed-container\"><iframe title=\"Welcome to Baltic Wind EU - message from Pawe\u0142 Wr\u00f3bel\" width=\"1240\" height=\"698\" src=\"https:\/\/www.youtube.com\/embed\/xHDiCVCOOZc?feature=oembed\" frameborder=\"0\" allow=\"accelerometer; autoplay; clipboard-write; encrypted-media; gyroscope; picture-in-picture\" allowfullscreen><\/iframe><\/div>\n<\/div>\n<\/div><\/div><style type=\"text\/css\">.fusion-body .fusion-builder-column-2{width:50% !important;margin-top : 0px;margin-bottom : 20px;}.fusion-builder-column-2 > .fusion-column-wrapper {padding-top : 0px !important;padding-right : 0px !important;margin-right : 3.84%;padding-bottom : 0px !important;padding-left : 0px !important;margin-left : 3.84%;}@media only screen and (max-width:1024px) {.fusion-body .fusion-builder-column-2{width:100% !important;order : 0;}.fusion-builder-column-2 > .fusion-column-wrapper {margin-right : 1.92%;margin-left : 1.92%;}}@media only screen and (max-width:640px) {.fusion-body .fusion-builder-column-2{width:100% !important;order : 0;}.fusion-builder-column-2 > .fusion-column-wrapper {margin-right : 1.92%;margin-left : 1.92%;}}<\/style><\/div><\/div><style type=\"text\/css\">.fusion-body .fusion-flex-container.fusion-builder-row-2{ padding-top : 0px;margin-top : 0px;padding-right : 0px;padding-bottom : 0px;margin-bottom : 0px;padding-left : 0px;}<\/style><\/div><div class=\"fusion-fullwidth fullwidth-box fusion-builder-row-3 fusion-flex-container nonhundred-percent-fullwidth non-hundred-percent-height-scrolling\" style=\"background-color: rgba(255,255,255,0);background-position: center center;background-repeat: no-repeat;border-width: 0px 0px 0px 0px;border-color:#eaeaea;border-style:solid;\" ><div class=\"fusion-builder-row fusion-row fusion-flex-align-items-flex-start\" style=\"max-width:1289.6px;margin-left: calc(-4% \/ 2 );margin-right: calc(-4% \/ 2 );\"><div class=\"fusion-layout-column fusion_builder_column fusion-builder-column-3 fusion_builder_column_1_1 1_1 fusion-flex-column\"><div class=\"fusion-column-wrapper fusion-flex-justify-content-flex-start fusion-content-layout-column\" style=\"background-position:left top;background-repeat:no-repeat;-webkit-background-size:cover;-moz-background-size:cover;-o-background-size:cover;background-size:cover;padding: 0px 0px 0px 0px;\"><div class=\"fusion-text fusion-text-4\"><p><strong>Czym wi\u0119c dok\u0142adnie jest BalticWind.EU?<\/strong><\/p>\n<p>BalticWind.EU jest innowacyjn\u0105 platform\u0105 informacyjn\u0105, wspieraj\u0105c\u0105 komunikacj\u0119 i networking przedstawicieli bran\u017cy morskiej energetyki wiatrowej w regionie Morza Ba\u0142tyckiego.<\/p>\n<p>Dostrzegamy potrzeb\u0119 przyspieszenia procesu wdra\u017cania inwestycji w farmy wiatrowe w krajach Morza Ba\u0142tyckiego &#8211; z uwzgl\u0119dnieniem lokalnego przemys\u0142u, M\u015aP i zaanga\u017cowania spo\u0142eczno\u015bci lokalnych z Danii, Estonii, Finlandii, Niemiec, \u0141otwy, Litwy, Polski i Szwecji. Dlatego stwarzamy mo\u017cliwo\u015b\u0107 podzielenia si\u0119 g\u0142osem przedstawicieli przemys\u0142u, profesjonalist\u00f3w, za\u0142o\u017cycieli start-up\u00f3w, analityk\u00f3w, dziennikarzy, o\u015brodk\u00f3w akademickich i badawczych.<\/p>\n<p>Struktura BalticWind.EU zbudowana jest w oparciu o codzienne raporty bran\u017cowe, wzbogacone o wk\u0142ad ekspert\u00f3w, obszerne raporty i studia przypadk\u00f3w, ekskluzywny job board dedykowany offshore, platform\u0119 wymiany do\u015bwiadcze\u0144 i warsztat\u00f3w, baz\u0119 danych projekt\u00f3w morskich farm wiatrowych we wszystkich krajach ba\u0142tyckich wraz z trwaj\u0105cymi przetargami i wiele innych.<\/p>\n<p><strong>Rola wsp\u00f3\u0142pracy regionu Morza Ba\u0142tyckiego ro\u015bnie<\/strong><\/p>\n<p>Widzimy potrzeb\u0119 przyspieszenia procesu wdra\u017cania inwestycji w farmy wiatrowe w krajach nadba\u0142tyckich &#8211; lokalnym przemy\u015ble, M\u015aP, spo\u0142eczno\u015bciach z Danii, Estonii, Finlandii, Niemiec, \u0141otwy, Litwy, Polski i Szwecji. Bez wdro\u017cenia morskiej energetyki wiatrowej nie b\u0119dzie mo\u017cliwa skuteczna realizacja celu Europejskiego Zielonego \u0141adu, jakim jest neutralno\u015b\u0107 klimatyczna do 2050 roku, jak r\u00f3wnie\u017c wype\u0142nienie cel\u00f3w Porozumienia Paryskiego.<\/p>\n<\/div><\/div><style type=\"text\/css\">.fusion-body .fusion-builder-column-3{width:100% !important;margin-top : 0px;margin-bottom : 20px;}.fusion-builder-column-3 > .fusion-column-wrapper {padding-top : 0px !important;padding-right : 0px !important;margin-right : 1.92%;padding-bottom : 0px !important;padding-left : 0px !important;margin-left : 1.92%;}@media only screen and (max-width:1024px) {.fusion-body .fusion-builder-column-3{width:100% !important;order : 0;}.fusion-builder-column-3 > .fusion-column-wrapper {margin-right : 1.92%;margin-left : 1.92%;}}@media only screen and (max-width:640px) {.fusion-body .fusion-builder-column-3{width:100% !important;order : 0;}.fusion-builder-column-3 > .fusion-column-wrapper {margin-right : 1.92%;margin-left : 1.92%;}}<\/style><\/div><\/div><style type=\"text\/css\">.fusion-body .fusion-flex-container.fusion-builder-row-3{ padding-top : 0px;margin-top : 0px;padding-right : 0px;padding-bottom : 0px;margin-bottom : 0px;padding-left : 0px;}<\/style><\/div><div class=\"fusion-fullwidth fullwidth-box fusion-builder-row-4 fusion-flex-container nonhundred-percent-fullwidth non-hundred-percent-height-scrolling\" style=\"background-color: rgba(255,255,255,0);background-position: center center;background-repeat: no-repeat;border-width: 0px 0px 0px 0px;border-color:#eaeaea;border-style:solid;\" ><div class=\"fusion-builder-row fusion-row fusion-flex-align-items-flex-start\" style=\"max-width:1289.6px;margin-left: calc(-4% \/ 2 );margin-right: calc(-4% \/ 2 );\"><div class=\"fusion-layout-column fusion_builder_column fusion-builder-column-4 fusion_builder_column_1_2 1_2 fusion-flex-column\"><div class=\"fusion-column-wrapper fusion-flex-justify-content-flex-start fusion-content-layout-column\" style=\"background-position:left top;background-repeat:no-repeat;-webkit-background-size:cover;-moz-background-size:cover;-o-background-size:cover;background-size:cover;padding: 0px 0px 0px 0px;\"><div class=\"fusion-text fusion-text-5\"><div class=\"video-shortcode\">\n<div class=\"geodir-embed-container\"><iframe title=\"Message to Baltic Wind EU from Giles Dickson CEO Wind Europe\" width=\"1240\" height=\"698\" src=\"https:\/\/www.youtube.com\/embed\/yKXQOFMfYhU?feature=oembed\" frameborder=\"0\" allow=\"accelerometer; autoplay; clipboard-write; encrypted-media; gyroscope; picture-in-picture\" allowfullscreen><\/iframe><\/div>\n<\/div>\n<\/div><\/div><style type=\"text\/css\">.fusion-body .fusion-builder-column-4{width:50% !important;margin-top : 0px;margin-bottom : 20px;}.fusion-builder-column-4 > .fusion-column-wrapper {padding-top : 0px !important;padding-right : 0px !important;margin-right : 3.84%;padding-bottom : 0px !important;padding-left : 0px !important;margin-left : 3.84%;}@media only screen and (max-width:1024px) {.fusion-body .fusion-builder-column-4{width:100% !important;order : 0;}.fusion-builder-column-4 > .fusion-column-wrapper {margin-right : 1.92%;margin-left : 1.92%;}}@media only screen and (max-width:640px) {.fusion-body .fusion-builder-column-4{width:100% !important;order : 0;}.fusion-builder-column-4 > .fusion-column-wrapper {margin-right : 1.92%;margin-left : 1.92%;}}<\/style><\/div><div class=\"fusion-layout-column fusion_builder_column fusion-builder-column-5 fusion_builder_column_1_2 1_2 fusion-flex-column\"><div class=\"fusion-column-wrapper fusion-flex-justify-content-flex-start fusion-content-layout-column\" style=\"background-position:left top;background-repeat:no-repeat;-webkit-background-size:cover;-moz-background-size:cover;-o-background-size:cover;background-size:cover;padding: 0px 0px 0px 0px;\"><div class=\"fusion-text fusion-text-6\"><p><strong>Co bran\u017ca s\u0105dzi o naszym pomy\u015ble?<\/strong><\/p>\n<p>&#8220;Firmy s\u0105 bardzo zainteresowane inwestowaniem w rozw\u00f3j morskiej energetyki wiatrowej na Morzu Ba\u0142tyckim i to naprawd\u0119 \u015bwietnie, \u017ce BalticWind.EU stworzy\u0142 ten jeden, centralny punkt informacji o wszystkich projektach morskiej energetyki wiatrowej, kt\u00f3re s\u0105 rozwijane na ca\u0142ym Morzu Ba\u0142tyckim.<\/p>\n<p>B\u0119dzie to niezwykle pomocne, wi\u0119c brawo dla BalticWind.EU za udost\u0119pnienie nam tego narz\u0119dzia. A my w Wind Europe cieszymy si\u0119 na wsp\u00f3\u0142prac\u0119 z Pa\u0144stwem i wszystkimi innymi zaanga\u017cowanymi w budow\u0119 morskiej energetyki wiatrowej na Morzu Ba\u0142tyckim. &#8221;<\/p>\n<p>-powiedzia\u0142 Giles Dickson, CEO Wind Europe w swojej wiadomo\u015bci powitalnej do BalticWind.EU<\/p>\n<\/div><\/div><style type=\"text\/css\">.fusion-body .fusion-builder-column-5{width:50% !important;margin-top : 0px;margin-bottom : 20px;}.fusion-builder-column-5 > .fusion-column-wrapper {padding-top : 0px !important;padding-right : 0px !important;margin-right : 3.84%;padding-bottom : 0px !important;padding-left : 0px !important;margin-left : 3.84%;}@media only screen and (max-width:1024px) {.fusion-body .fusion-builder-column-5{width:100% !important;order : 0;}.fusion-builder-column-5 > .fusion-column-wrapper {margin-right : 1.92%;margin-left : 1.92%;}}@media only screen and (max-width:640px) {.fusion-body .fusion-builder-column-5{width:100% !important;order : 0;}.fusion-builder-column-5 > .fusion-column-wrapper {margin-right : 1.92%;margin-left : 1.92%;}}<\/style><\/div><\/div><style type=\"text\/css\">.fusion-body .fusion-flex-container.fusion-builder-row-4{ padding-top : 0px;margin-top : 0px;padding-right : 0px;padding-bottom : 0px;margin-bottom : 0px;padding-left : 0px;}<\/style><\/div><div class=\"fusion-fullwidth fullwidth-box fusion-builder-row-5 fusion-flex-container nonhundred-percent-fullwidth non-hundred-percent-height-scrolling\" style=\"background-color: rgba(255,255,255,0);background-position: center center;background-repeat: no-repeat;border-width: 0px 0px 0px 0px;border-color:#eaeaea;border-style:solid;\" ><div class=\"fusion-builder-row fusion-row fusion-flex-align-items-flex-start\" style=\"max-width:1289.6px;margin-left: calc(-4% \/ 2 );margin-right: calc(-4% \/ 2 );\"><div class=\"fusion-layout-column fusion_builder_column fusion-builder-column-6 fusion_builder_column_1_1 1_1 fusion-flex-column\"><div class=\"fusion-column-wrapper fusion-flex-justify-content-flex-start fusion-content-layout-column\" style=\"background-position:left top;background-repeat:no-repeat;-webkit-background-size:cover;-moz-background-size:cover;-o-background-size:cover;background-size:cover;padding: 0px 0px 0px 0px;\"><div class=\"fusion-text fusion-text-7\"><p><strong>Czego mo\u017cemy si\u0119 spodziewa\u0107 w przysz\u0142o\u015bci?<\/strong><\/p>\n<p>Nasze plany rozwoju s\u0105 ambitne. To, co widzicie dzisiaj, to tylko pierwszy krok. Wkr\u00f3tce na platformie pojawi\u0105 si\u0119 pierwsze wydarzenia maj\u0105ce na celu wzmocnienie sieci kontakt\u00f3w pomi\u0119dzy profesjonalistami z bran\u017cy morskiej energetyki wiatrowej w regionie. Eksperci i dziennikarze zajmuj\u0105cy si\u0119 transformacj\u0105 energetyczn\u0105 s\u0105 mile widziani do udzia\u0142u w dialogu pomi\u0119dzy zainteresowanymi stronami. Wi\u0119cej szczeg\u00f3\u0142\u00f3w dost\u0119pnych po kontakcie z: balticwind.eu@balticwind.eu.<\/p>\n<\/div><div class=\"fusion-text fusion-text-8\"><p><strong>Jak przyczyni\u0107 si\u0119 do rozwoju inicjatywy?<\/strong><\/p>\n<p>Zosta\u0144 partnerem platformy i podziel si\u0119 swoimi przemy\u015bleniami, wiedz\u0105 i pomys\u0142ami.<\/p>\n<ul>\n<li>B\u0105d\u017a cz\u0119\u015bci\u0105 sieci i zaprezentuj, jak Twoja organizacja mo\u017ce przyczyni\u0107 si\u0119 do &#8220;Baltic local content&#8221;.<\/li>\n<li>Wsp\u00f3\u0142organizuj wydarzenie\/warsztaty.<\/li>\n<li>Zamie\u015b\u0107 og\u0142oszenie o pracy.<\/li>\n<\/ul>\n<p><span style=\"font-weight: 800;\">Skontaktuj si\u0119 z nami ju\u017c dzi\u015b w sprawie pakiet\u00f3w partnerskich!<\/span><\/p>\n<table style=\"height: 182px;\" width=\"762\">\n<tbody>\n<tr>\n<td><span style=\"font-weight: 600;\">Pawe\u0142 Wr\u00f3bel\u00a0<\/span><\/p>\n<p>Dyrektor Zarz\u0105dzaj\u0105cy<\/p>\n<p><a href=\"mailto:pawel.wrobel@balticwind.eu\"><span style=\"font-weight: 400;\">pawel.wrobel@balticwind.eu<\/span><\/a><\/td>\n<td><span style=\"font-weight: 600;\">Krzysztof Bulski\u00a0<\/span><\/p>\n<p>Dyrektor Wydawniczy<\/p>\n<p><a href=\"mailto:krzysztof.bulski@balticwind.eu\"><span style=\"font-weight: 400;\">krzysztof.bulski@balticwind.eu<\/span><\/a><\/td>\n<\/tr>\n<\/tbody>\n<\/table>\n<\/div><\/div><style type=\"text\/css\">.fusion-body .fusion-builder-column-6{width:100% !important;margin-top : 0px;margin-bottom : 20px;}.fusion-builder-column-6 > .fusion-column-wrapper {padding-top : 0px !important;padding-right : 0px !important;margin-right : 1.92%;padding-bottom : 0px !important;padding-left : 0px !important;margin-left : 1.92%;}@media only screen and (max-width:1024px) {.fusion-body .fusion-builder-column-6{width:100% !important;order : 0;}.fusion-builder-column-6 > .fusion-column-wrapper {margin-right : 1.92%;margin-left : 1.92%;}}@media only screen and (max-width:640px) {.fusion-body .fusion-builder-column-6{width:100% !important;order : 0;}.fusion-builder-column-6 > .fusion-column-wrapper {margin-right : 1.92%;margin-left : 1.92%;}}<\/style><\/div><\/div><style type=\"text\/css\">.fusion-body .fusion-flex-container.fusion-builder-row-5{ padding-top : 0px;margin-top : 0px;padding-right : 0px;padding-bottom : 0px;margin-bottom : 0px;padding-left : 0px;}<\/style><\/div><\/p>\n","protected":false},"excerpt":{"rendered":"","protected":false},"author":8,"featured_media":0,"parent":0,"menu_order":0,"comment_status":"closed","ping_status":"closed","template":"","meta":[],"acf":[],"_links":{"self":[{"href":"https:\/\/balticwind.eu\/pl\/wp-json\/wp\/v2\/pages\/3961"}],"collection":[{"href":"https:\/\/balticwind.eu\/pl\/wp-json\/wp\/v2\/pages"}],"about":[{"href":"https:\/\/balticwind.eu\/pl\/wp-json\/wp\/v2\/types\/page"}],"author":[{"embeddable":true,"href":"https:\/\/balticwind.eu\/pl\/wp-json\/wp\/v2\/users\/8"}],"replies":[{"embeddable":true,"href":"https:\/\/balticwind.eu\/pl\/wp-json\/wp\/v2\/comments?post=3961"}],"version-history":[{"count":0,"href":"https:\/\/balticwind.eu\/pl\/wp-json\/wp\/v2\/pages\/3961\/revisions"}],"wp:attachment":[{"href":"https:\/\/balticwind.eu\/pl\/wp-json\/wp\/v2\/media?parent=3961"}],"curies":[{"name":"wp","href":"https:\/\/api.w.org\/{rel}","templated":true}]}}