{"id":3969,"date":"2021-06-28T23:51:17","date_gmt":"2021-06-28T21:51:17","guid":{"rendered":"https:\/\/balticwind.eu\/?page_id=3969"},"modified":"2021-07-18T19:51:26","modified_gmt":"2021-07-18T17:51:26","slug":"privacy","status":"publish","type":"page","link":"https:\/\/balticwind.eu\/pl\/privacy\/","title":{"rendered":"Zasady prywatno\u015bci"},"content":{"rendered":"<div class=\"fusion-fullwidth fullwidth-box fusion-builder-row-1 fusion-flex-container nonhundred-percent-fullwidth non-hundred-percent-height-scrolling\" style=\"background-color: rgba(255,255,255,0);background-position: center center;background-repeat: no-repeat;border-width: 0px 0px 0px 0px;border-color:#eaeaea;border-style:solid;\" ><div class=\"fusion-builder-row fusion-row fusion-flex-align-items-flex-start\" style=\"max-width:1289.6px;margin-left: calc(-4% \/ 2 );margin-right: calc(-4% \/ 2 );\"><div class=\"fusion-layout-column fusion_builder_column fusion-builder-column-0 fusion_builder_column_1_1 1_1 fusion-flex-column\"><div class=\"fusion-column-wrapper fusion-flex-justify-content-flex-start fusion-content-layout-column\" style=\"background-position:left top;background-repeat:no-repeat;-webkit-background-size:cover;-moz-background-size:cover;-o-background-size:cover;background-size:cover;padding: 0px 0px 0px 0px;\"><div class=\"fusion-text fusion-text-1\"><p><strong>Niniejsza Informacja o ochronie prywatno\u015bci opisuje, w jaki spos\u00f3b zesp\u00f3\u0142 projektu BalticWind.EU w BalticWind OU (kod rejestru 16251750; Narva mnt 5, 10117 Tallinn; dalej Baltic Wind lub my) przetwarza Pa\u0144stwa dane osobowe.<\/strong><\/p>\n<p>W celu uzyskania wgl\u0105du do danych lub materia\u0142\u00f3w prosimy o z\u0142o\u017cenie wniosku o udzielenie informacji na adres contact@balticwind.eu. Je\u015bli masz jakiekolwiek pytania dotycz\u0105ce GDPR, prosimy o kontakt ze specjalist\u0105 ds. ochrony danych w Baltic Wind pod adresem gdpr@balticwind.eu.<\/p>\n<p>Uwaga: Polityka Prywatno\u015bci nie ma zastosowania do przetwarzania danych zbieranych przez osoby prawne lub ich przedstawicieli i pracownik\u00f3w b\u0119d\u0105cych osobami fizycznymi, je\u017celi ich dane s\u0105 przetwarzane w wyniku dzia\u0142alno\u015bci gospodarczej osoby prawnej, w tym obowi\u0105zk\u00f3w i zobowi\u0105za\u0144 zawodowych tej osoby. Je\u017celi kontaktuj\u0105 si\u0119 Pa\u0144stwo z nami w imieniu osoby prawnej lub instytucji, prosimy o podanie danych kontaktowych dotycz\u0105cych Pa\u0144stwa firmy, a nie os\u00f3b fizycznych.<\/p>\n<h2><strong>Dane identyfikacyjne<\/strong><\/h2>\n<p>Przetwarzamy Pa\u0144stwa dane osobowe, gdy kontaktuj\u0105 si\u0119 Pa\u0144stwo z nami lub gdy korzystaj\u0105 Pa\u0144stwo z us\u0142ug, kt\u00f3re \u015bwiadczymy jako Baltic Wind. Mo\u017cemy gromadzi\u0107 Pa\u0144stwa dane osobowe na wiele sposob\u00f3w, w szczeg\u00f3lno\u015bci podczas odwiedzania, rejestracji, wype\u0142niania formularza lub ankiety na naszej Stronie internetowej, a tak\u017ce w zwi\u0105zku z wszelkimi innymi dzia\u0142aniami, us\u0142ugami, funkcjami lub zasobami udost\u0119pnionymi na Stronie internetowej, kt\u00f3re mog\u0105 Pa\u0144stwo podj\u0105\u0107 lub z kt\u00f3rych mog\u0105 Pa\u0144stwo korzysta\u0107. W razie potrzeby mo\u017cesz zosta\u0107 poproszony o podanie swojego imienia i nazwiska, adresu e-mail i numeru telefonu. U\u017cytkownik mo\u017ce r\u00f3wnie\u017c odwiedza\u0107 nasz\u0105 Witryn\u0119 anonimowo. Gromadzimy Pa\u0144stwa dane osobowe tylko wtedy, gdy przeka\u017c\u0105 je nam Pa\u0144stwo dobrowolnie.<\/p>\n<p>Mo\u017cemy gromadzi\u0107 anonimowe i statystyczne dane o Tobie w dowolnym momencie podczas korzystania z naszej Strony. Mog\u0105 one zawiera\u0107 nazw\u0119 Pa\u0144stwa przegl\u0105darki internetowej, typ u\u017cywanego przez Pa\u0144stwa komputera oraz dane techniczne dotycz\u0105ce Pa\u0144stwa po\u0142\u0105czenia z nasz\u0105 Stron\u0105, takie jak dane dotycz\u0105ce Pa\u0144stwa systemu operacyjnego, dostawcy us\u0142ug internetowych i inne podobne szczeg\u00f3\u0142y.<\/p>\n<p><strong>W jaki spos\u00f3b wykorzystujemy gromadzone przez nas dane osobowe<\/strong><\/p>\n<p>Baltic Wind mo\u017ce gromadzi\u0107 i wykorzystywa\u0107 Pa\u0144stwa dane osobowe w celu:<\/p>\n<ul>\n<li>prowadzenia i administrowania nasz\u0105 Stron\u0105 internetow\u0105.\u202f Mo\u017cemy potrzebowa\u0107 Pa\u0144stwa danych w celu poprawnego wy\u015bwietlania zawarto\u015bci naszej strony internetowej;<\/li>\n<li>poprawy obs\u0142ugi klienta. \u202fPodane przez Pa\u0144stwa dane pomagaj\u0105 nam w zaspokajaniu potrzeb naszych klient\u00f3w;<\/li>\n<li>dostosowywa\u0107 do\u015bwiadczenia U\u017cytkownika.\u202f Mo\u017cemy u\u017cywa\u0107 skonsolidowanych danych, aby lepiej zrozumie\u0107, w jaki spos\u00f3b u\u017cytkownicy korzystaj\u0105 z us\u0142ug i zasob\u00f3w naszej strony internetowej;<\/li>\n<li>uaktualni\u0107 nasz\u0105 stron\u0119 internetow\u0105. \u202fMo\u017cemy korzysta\u0107 z informacji zwrotnej, aby poprawi\u0107 nasz\u0105 ofert\u0119 produkt\u00f3w i us\u0142ug;<\/li>\n<li>koordynowa\u0107 reklamy, konkursy i ankiety oraz zapewni\u0107 inne funkcje Witryny;<\/li>\n<li>dostarczania informacji za Twoj\u0105 zgod\u0105 na tematy, kt\u00f3re naszym zdaniem mog\u0105 Ci\u0119 zainteresowa\u0107;<\/li>\n<li>wysy\u0142ania regularnych wiadomo\u015bci e-mail.\u202f Mo\u017cemy u\u017cywa\u0107 Twojego adresu e-mail do wysy\u0142ania Ci informacji i briefing\u00f3w zwi\u0105zanych z Twoj\u0105 subskrypcj\u0105. Ponadto wykorzystujemy Pa\u0144stwa adres e-mail, aby odpowiada\u0107 na Pa\u0144stwa pytania i\/lub odpowiada\u0107 na inne zapytania;<\/li>\n<li>wysy\u0142ania biuletyn\u00f3w. Cz\u0119sto aktualizujemy list\u0119 odbiorc\u00f3w newslettera, aby mie\u0107 pewno\u015b\u0107, \u017ce otrzymuj\u0105 Pa\u0144stwo tre\u015bci wysokiej jako\u015bci. Je\u015bli zrezygnuj\u0105 Pa\u0144stwo z otrzymywania newslettera, Pa\u0144stwa dane kontaktowe zostan\u0105 automatycznie usuni\u0119te z listy;<\/li>\n<\/ul>\n<p>Je\u015bli organizujemy i przeprowadzamy kampani\u0119, kt\u00f3ra wymaga przetwarzania danych osobowych, gromadzimy i wykorzystujemy takie dane wy\u0142\u0105cznie zgodnie z warunkami kampanii w celu jej realizacji, na przyk\u0142ad w celu skontaktowania si\u0119 ze zwyci\u0119zc\u0105 oraz wylosowania i dostarczenia nagrody.<\/p>\n<p><strong>Jak chronimy Twoje dane osobowe<\/strong><\/p>\n<p>Przestrzegamy i stosujemy odpowiednie praktyki gromadzenia, przechowywania i przetwarzania danych w celu ochrony Pa\u0144stwa danych osobowych, identyfikatora u\u017cytkownika, has\u0142a i innych danych zapisanych na naszej stronie internetowej przed nielegalnym dost\u0119pem, modyfikacj\u0105, ujawnieniem lub zniszczeniem.<\/p>\n<p>Podejmujemy dzia\u0142ania organizacyjne, fizyczne i informatyczne w celu zagwarantowania ochrony przetwarzania danych. Ustalone zosta\u0142y odpowiednie kierunki i regulacje, a dane osobowe przetwarzamy tylko w zakresie niezb\u0119dnym do wykonania naszych obowi\u0105zk\u00f3w. W przypadku zaanga\u017cowania podmiotu przetwarzaj\u0105cego, wymagamy od niego zapewnienia co najmniej takiego samego poziomu bezpiecze\u0144stwa.<\/p>\n<p><strong>Pa\u0144stwa prawa i dost\u0119p do danych<\/strong><\/p>\n<p>W ka\u017cdej chwili maj\u0105 Pa\u0144stwo prawo do uzyskania szczeg\u00f3\u0142owych informacji na temat przetwarzania Pa\u0144stwa danych osobowych poprzez z\u0142o\u017cenie pisemnego wniosku. Przed udzieleniem odpowiedzi zawsze upewniamy si\u0119, \u017ce osoba sk\u0142adaj\u0105ca wniosek ma prawo do otrzymania danych lub \u017c\u0105dania podj\u0119cia dzia\u0142a\u0144. Maj\u0105 Pa\u0144stwo prawo do:<\/p>\n<ul>\n<li>\u017c\u0105dania dost\u0119pu do swoich danych osobowych;<\/li>\n<li>\u017c\u0105dania korekty swoich danych osobowych poprzez poinformowanie nas o tym i przes\u0142anie nam dok\u0142adnych danych;<\/li>\n<li>\u017c\u0105dania usuni\u0119cia swoich danych osobowych. Prawo to nie ma zastosowania, je\u017celi dane osobowe, kt\u00f3rych usuni\u0119cia si\u0119 domagasz, s\u0105 przetwarzane na innej podstawie prawnej lub je\u017celi obowi\u0105zek zachowania danych wynika z przepis\u00f3w prawa;<\/li>\n<li>\u017c\u0105dania ograniczenia przetwarzania Pa\u0144stwa danych osobowych;<\/li>\n<li>\u017c\u0105dania nadania dalszego biegu Pa\u0144stwa danym osobowym;<\/li>\n<li>cofni\u0119cia zgody na przetwarzanie danych osobowych;<\/li>\n<li>z\u0142o\u017cy\u0107 skarg\u0119 do organu nadzorczego (Esto\u0144ski Inspektorat Ochrony Danych, info@aki.ee, 627 4135);<\/li>\n<li>cofn\u0105\u0107 zgod\u0119 w dowolnym momencie, w tym zrezygnowa\u0107 z otrzymywania newslettera. Cofni\u0119cie zgody nie ma wp\u0142ywu na zgodno\u015b\u0107 z prawem przetwarzania, kt\u00f3rego dokonano na podstawie zgody przed jej cofni\u0119ciem.<\/li>\n<\/ul>\n<p><strong>Odbiorcy danych osobowych<\/strong><\/p>\n<p>Nie sprzedajemy, nie handlujemy, nie podnajmujemy, nie przekazujemy ani nie udost\u0119pniamy w \u017caden spos\u00f3b danych osobowych osobom trzecim. Mo\u017cemy udost\u0119pnia\u0107 og\u00f3lne zbiorcze dane demograficzne lub statystyczne, kt\u00f3re nie umo\u017cliwiaj\u0105 identyfikacji odwiedzaj\u0105cych i U\u017cytkownik\u00f3w beneficjentom takim jak partnerzy handlowi i wiarygodne bran\u017ce przetwarzaj\u0105ce dane w celu realizacji cel\u00f3w okre\u015blonych powy\u017cej. Mo\u017cemy korzysta\u0107 z us\u0142ug zewn\u0119trznych dostawc\u00f3w us\u0142ug, aby wspiera\u0107 nas w zarz\u0105dzaniu nasz\u0105 dzia\u0142alno\u015bci\u0105 i stron\u0105 internetow\u0105 lub aby podejmowali oni dzia\u0142ania w naszym imieniu, na przyk\u0142ad wysy\u0142anie biuletyn\u00f3w lub ankiet. Mo\u017cemy udost\u0119pnia\u0107 dane osobowe u\u017cytkownika takim stronom trzecim w ograniczonych celach, pod warunkiem, \u017ce u\u017cytkownik udzieli\u0142 nam upowa\u017cnienia do takiego dzia\u0142ania. Nie ujawniamy Pa\u0144stwa danych dalej ni\u017c jest to konieczne do realizacji odpowiedniego celu, bior\u0105c pod uwag\u0119 przepisy prawa reguluj\u0105ce ochron\u0119 danych.<\/p>\n<p><strong>Przechowywanie danych osobowych<\/strong><\/p>\n<p>Przetwarzamy dane w najmniejszym mo\u017cliwym zakresie. Pa\u0144stwa dane osobowe s\u0105 przechowywane nie d\u0142u\u017cej ni\u017c jest to konieczne do ich przetwarzania. \u202fW razie potrzeby aktualizujemy Pa\u0144stwa dane; na przyk\u0142ad korespondencj\u0119 przechowujemy przez okres pi\u0119ciu (5) lat, a dane osobowe przetwarzane w ramach kampanii zgodnie z warunkami kampanii do czasu jej zako\u0144czenia. Wszystkie dokumenty i dane, kt\u00f3re przekroczy\u0142y ten termin, s\u0105 niszczone.<\/p>\n<p><strong>Elektroniczne newslettery<\/strong><\/p>\n<p>Je\u015bli zdecyduj\u0105 si\u0119 Pa\u0144stwo na do\u0142\u0105czenie do naszej listy mailingowej, b\u0119d\u0105 Pa\u0144stwo otrzymywa\u0107 wiadomo\u015bci od Baltic Wind, informacje o produktach i us\u0142ugach itp. Je\u015bli chc\u0105 Pa\u0144stwo zrezygnowa\u0107 z otrzymywania e-maili w przysz\u0142o\u015bci, na ko\u0144cu ka\u017cdej wiadomo\u015bci znajd\u0105 Pa\u0144stwo dok\u0142adn\u0105 informacj\u0119 o tym, jak zrezygnowa\u0107 z subskrypcji. W tym samym celu mog\u0105 Pa\u0144stwo r\u00f3wnie\u017c skontaktowa\u0107 si\u0119 z nami za po\u015brednictwem naszej strony internetowej. Mo\u017cemy korzysta\u0107 z us\u0142ug zewn\u0119trznych dostawc\u00f3w w celu wspierania nas w administrowaniu nasz\u0105 dzia\u0142alno\u015bci\u0105 i Stron\u0105 internetow\u0105 lub w celu podejmowania przez nich dzia\u0142a\u0144 w naszym imieniu, takich jak wysy\u0142anie biuletyn\u00f3w lub ankiet. Mo\u017cemy udost\u0119pnia\u0107 dane u\u017cytkownika takim zewn\u0119trznym dostawcom w ograniczonych celach, pod warunkiem, \u017ce u\u017cytkownik udzieli\u0142 nam upowa\u017cnienia do takiego dzia\u0142ania.<\/p>\n<p><strong>Odno\u015bniki do innych stron internetowych<\/strong><\/p>\n<p>Na naszej stronie internetowej mog\u0105 Pa\u0144stwo znale\u017a\u0107 reklamy i inne tre\u015bci, kt\u00f3re kieruj\u0105 Pa\u0144stwa (za pomoc\u0105 link\u00f3w) do stron internetowych i us\u0142ug naszych wsp\u00f3\u0142pracownik\u00f3w, dostawc\u00f3w, marketer\u00f3w, sponsor\u00f3w, licencjodawc\u00f3w i innych os\u00f3b trzecich. Tre\u015bci i linki umieszczone na takich stronach internetowych s\u0105 poza nasz\u0105 kontrol\u0105 i nie ponosimy odpowiedzialno\u015bci za praktyki stosowane na stronach internetowych, do kt\u00f3rych prowadz\u0105 linki z naszej Witryny (lub kt\u00f3re \u0142\u0105cz\u0105 si\u0119 z nasz\u0105 Witryn\u0105). Ponadto, takie strony internetowe lub us\u0142ugi, jak r\u00f3wnie\u017c ich zawarto\u015b\u0107 i linki, mog\u0105 ulega\u0107 ci\u0105g\u0142ym zmianom. Takie witryny mog\u0105 mie\u0107 w\u0142asne, indywidualne polityki prywatno\u015bci i obs\u0142ugi klienta, dlatego nie podlegaj\u0105 one naszej Polityce Prywatno\u015bci.<\/p>\n<p><strong>Zmiany w Polityce Prywatno\u015bci<\/strong><\/p>\n<p>Baltic Wind ma prawo do aktualizacji niniejszej polityki w dowolnym czasie. W takim przypadku zamie\u015bcimy stosown\u0105 informacj\u0119 na stronie g\u0142\u00f3wnej naszego Serwisu. Zalecamy cz\u0119ste odwiedzanie tej strony, aby by\u0107 na bie\u017c\u0105co z informacjami o tym, jak pomagamy chroni\u0107 gromadzone przez nas dane osobowe. Konieczne jest, aby byli Pa\u0144stwo poinformowani o obowi\u0105zku okresowego przegl\u0105dania niniejszej Polityki Prywatno\u015bci i informowania si\u0119 o wszelkich jej zmianach.<\/p>\n<p><strong>Jak u\u017cywamy plik\u00f3w cookie<\/strong><\/p>\n<p>U\u017cywamy plik\u00f3w cookie z wielu powod\u00f3w opisanych poni\u017cej. W wi\u0119kszo\u015bci przypadk\u00f3w niestety nie ma standardowych sposob\u00f3w na odrzucenie plik\u00f3w cookie bez ca\u0142kowitego zablokowania mo\u017cliwo\u015bci korzystania z funkcji Witryny internetowej, kt\u00f3re umo\u017cliwiaj\u0105 pliki cookie. U\u017cytkownik mo\u017ce ustawi\u0107 swoj\u0105 przegl\u0105dark\u0119 internetow\u0105 tak, aby odrzuca\u0142a pliki cookie lub powiadamia\u0142a go o ich przesy\u0142aniu.<\/p>\n<p>U\u017cytkownik mo\u017ce zablokowa\u0107 pliki cookie w ustawieniach swojej przegl\u0105darki internetowej. (Wyczerpuj\u0105ce instrukcje mo\u017cna znale\u017a\u0107 w sekcji Pomoc przegl\u0105darki internetowej). Prosz\u0119 wzi\u0105\u0107 pod uwag\u0119, \u017ce odrzucenie plik\u00f3w cookie b\u0119dzie mia\u0142o wp\u0142yw na funkcje tej i wielu innych odwiedzanych przez Pa\u0144stwa stron internetowych. Odrzucenie plik\u00f3w cookie zazwyczaj blokuje r\u00f3wnie\u017c niekt\u00f3re funkcje tej Witryny. Je\u015bli nie jeste\u015b pewien, czy chcesz zezwoli\u0107 na pliki cookie, czy je odrzuci\u0107, zaleca si\u0119 zezwolenie na wszystkie pliki cookie, poniewa\u017c s\u0105 one wykonywane w celu \u015bwiadczenia us\u0142ugi, z kt\u00f3rej korzystasz.<\/p>\n<p><strong>Pliki cookie u\u017cywane przez nas<\/strong><\/p>\n<p>Je\u015bli za\u0142o\u017cysz konto na naszej Stronie, u\u017cywamy plik\u00f3w cookie do prowadzenia procesu rejestracji i do og\u00f3lnej administracji. Takie pliki cookie s\u0105 zazwyczaj usuwane po wylogowaniu, ale w niekt\u00f3rych przypadkach mog\u0105 by\u0107 przechowywane w celu zapami\u0119tania preferencji u\u017cytkownika po wylogowaniu.<\/p>\n<p>U\u017cywamy plik\u00f3w cookie, gdy jeste\u015b zalogowany, aby zapami\u0119ta\u0107 ten fakt. Dzi\u0119ki temu nie trzeba si\u0119 ponownie logowa\u0107 przy ka\u017cdej wizycie na Stronie. Te pliki cookies s\u0105 usuwane lub kasowane po wylogowaniu, aby zapewni\u0107 dost\u0119p do zastrze\u017conych funkcji i sekcji Serwisu tylko zalogowanym U\u017cytkownikom.<\/p>\n<p>Us\u0142ugi \u015bwiadczone na tej Witrynie obejmuj\u0105 subskrypcje newslettera i poczty elektronicznej, w przypadku kt\u00f3rych pliki cookie mog\u0105 by\u0107 wykorzystywane do zapami\u0119tania, czy u\u017cytkownik zarejestrowa\u0142 si\u0119 wcze\u015bniej i czy powinny by\u0107 wy\u015bwietlane okre\u015blone reklamy, kt\u00f3re mog\u0105 mie\u0107 zastosowanie tylko do zapisanych\/niezapisanych u\u017cytkownik\u00f3w.<\/p>\n<p>Od czasu do czasu oferujemy Ci ankiety, na kt\u00f3re mo\u017cesz odpowiedzie\u0107 w celu zebrania przydatnych informacji. W zwi\u0105zku z ankietami mog\u0105 by\u0107 u\u017cywane pliki cookie, aby zapami\u0119ta\u0107, kto ju\u017c odpowiedzia\u0142 na ankiet\u0119 i aby wy\u015bwietli\u0107 dok\u0142adne wyniki po przej\u015bciu do nast\u0119pnej strony.<\/p>\n<p>Je\u015bli przeka\u017cesz jakiekolwiek dane za po\u015brednictwem formularza na stronie kontaktowej lub w sekcji komentarzy, pliki cookie mog\u0105 by\u0107 wykorzystane do zachowania danych U\u017cytkownika do dalszej korespondencji.<\/p>\n<p>W celu zapewnienia U\u017cytkownikowi doskona\u0142ego do\u015bwiadczenia na tej stronie internetowej, w\u0142\u0105czyli\u015bmy funkcj\u0119, kt\u00f3ra pozwala na sparametryzowanie warto\u015bci strony internetowej zgodnie z jego preferencjami. W celu zapami\u0119tania Twoich wybor\u00f3w, musimy ustawi\u0107 pliki cookie w taki spos\u00f3b, aby dane te mog\u0142y by\u0107 wykorzystane w dowolnym momencie, gdy komunikacja z Witryn\u0105 jest uzale\u017cniona od Twoich preferencji.<\/p>\n<p><strong>Pliki cookie os\u00f3b trzecich<\/strong><\/p>\n<p>W niekt\u00f3rych wyj\u0105tkowych przypadkach korzystamy r\u00f3wnie\u017c z plik\u00f3w cookie dostarczanych przez godne zaufania strony trzecie. Pliki cookie, kt\u00f3re mog\u0105 by\u0107 u\u017cywane na naszej Stronie, s\u0105 wyszczeg\u00f3lnione poni\u017cej.<\/p>\n<p>Ta strona korzysta z Google Analytics, jednego z najbardziej popularnych i niezawodnych narz\u0119dzi analitycznych w sieci, kt\u00f3re pomaga nam zrozumie\u0107, w jaki spos\u00f3b U\u017cytkownicy korzystaj\u0105 z naszej strony internetowej i jak mo\u017cemy rozwija\u0107 ich do\u015bwiadczenie u\u017cytkownika. Te pliki cookie mog\u0105 na przyk\u0142ad \u015bledzi\u0107, ile czasu sp\u0119dzasz w Witrynie lub na odwiedzanych przez Ciebie stronach internetowych, co z kolei pomaga nam w prezentowaniu interesuj\u0105cych Ci\u0119 tre\u015bci.<\/p>\n<p>Raz na jaki\u015b czas wypr\u00f3bowujemy nowe funkcje i zmieniamy konfiguracj\u0119 Witryny. Podczas testowania nowych funkcji, pliki cookies mog\u0105 by\u0107 wykorzystywane do zapewnienia trwa\u0142o\u015bci do\u015bwiadczenia odwiedzaj\u0105cych nasz Serwis, pomagaj\u0105c nam jednocze\u015bnie zorientowa\u0107 si\u0119, jakie dzia\u0142ania optymalizacyjne s\u0105 najbardziej op\u0142acalne dla U\u017cytkownik\u00f3w naszego Serwisu. W tym celu u\u017cywamy narz\u0119dzia o nazwie Hotjar.<\/p>\n<p>Na naszej Witrynie mo\u017cesz korzysta\u0107 z bezpo\u015brednich link\u00f3w, kt\u00f3re kieruj\u0105 Ci\u0119 na strony internetowe os\u00f3b trzecich, na kt\u00f3rych mo\u017cesz naby\u0107 us\u0142ugi lub towary. Jest to dla nas istotne, aby zrozumie\u0107, kt\u00f3re produkty i us\u0142ugi prezentowa\u0107 na naszej Stronie i jak wielu odwiedzaj\u0105cych nasz\u0105 Stron\u0119 korzysta z takich bezpo\u015brednich link\u00f3w, u\u017cywamy plik\u00f3w cookie, kt\u00f3re rejestruj\u0105, ile os\u00f3b klika na te linki.<\/p>\n<p>W niniejszej Witrynie wykorzystujemy r\u00f3wnie\u017c przyciski i\/lub wtyczki medi\u00f3w spo\u0142eczno\u015bciowych (AddThis), aby umo\u017cliwi\u0107 Ci po\u0142\u0105czenie si\u0119 z Twoimi portalami spo\u0142eczno\u015bciowymi na kilka sposob\u00f3w. Aby to dzia\u0142a\u0142o, wiele serwis\u00f3w spo\u0142eczno\u015bciowych korzysta z plik\u00f3w cookie za po\u015brednictwem naszej Witryny, kt\u00f3re mog\u0105 by\u0107 wykorzystane do ulepszenia Twojego profilu na ich stronie internetowej lub uzupe\u0142nienia informacji, kt\u00f3re zebra\u0142y zgodnie z ich polityk\u0105 prywatno\u015bci. Nale\u017c\u0105 do nich Facebook, Twitter, Instagram, Pinterest i LinkedIn.<\/p>\n<p><strong>Naruszenie danych osobowych<\/strong><\/p>\n<p>W przypadku naruszenia danych osobowych, kt\u00f3re stanowi potencjalne zagro\u017cenie dla Pa\u0144stwa praw i wolno\u015bci, utworzymy odpowiednie dokumenty na ten temat. Podejmiemy dzia\u0142ania maj\u0105ce na celu natychmiastowe zako\u0144czenie naruszenia.<\/p>\n<p>Je\u017celi naruszenie prowadzi do potencjalnie powa\u017cnego zagro\u017cenia dla Pa\u0144stwa praw i wolno\u015bci, powiadomimy o tym r\u00f3wnie\u017c Pa\u0144stwa. Celem takiego powiadomienia jest umo\u017cliwienie Pa\u0144stwu podj\u0119cia niezb\u0119dnych \u015brodk\u00f3w ostro\u017cno\u015bci w celu z\u0142agodzenia sytuacji.<\/p>\n<p><strong>Kontakt z nami<\/strong><\/p>\n<p>Je\u015bli masz jakiekolwiek pytania dotycz\u0105ce niniejszej Polityki prywatno\u015bci lub danych osobowych, praktyk stosowanych na tej stronie internetowej lub innych kwestii zwi\u0105zanych z korzystaniem z tej strony internetowej, prosimy o kontakt pod adresem <a href=\"mailto:gdpr@balticwind.eu\">gdpr@balticwind.eu<\/a>.<\/p>\n<\/div><\/div><style type=\"text\/css\">.fusion-body .fusion-builder-column-0{width:100% !important;margin-top : 0px;margin-bottom : 0px;}.fusion-builder-column-0 > .fusion-column-wrapper {padding-top : 0px !important;padding-right : 0px !important;margin-right : 1.92%;padding-bottom : 0px !important;padding-left : 0px !important;margin-left : 1.92%;}@media only screen and (max-width:1024px) {.fusion-body .fusion-builder-column-0{width:100% !important;}.fusion-builder-column-0 > .fusion-column-wrapper {margin-right : 1.92%;margin-left : 1.92%;}}@media only screen and (max-width:640px) {.fusion-body .fusion-builder-column-0{width:100% !important;}.fusion-builder-column-0 > .fusion-column-wrapper {margin-right : 1.92%;margin-left : 1.92%;}}<\/style><\/div><\/div><style type=\"text\/css\">.fusion-body .fusion-flex-container.fusion-builder-row-1{ padding-top : 0px;margin-top : 0px;padding-right : 0px;padding-bottom : 0px;margin-bottom : 0px;padding-left : 0px;}<\/style><\/div>\n","protected":false},"excerpt":{"rendered":"","protected":false},"author":7,"featured_media":0,"parent":0,"menu_order":0,"comment_status":"closed","ping_status":"closed","template":"","meta":[],"acf":[],"_links":{"self":[{"href":"https:\/\/balticwind.eu\/pl\/wp-json\/wp\/v2\/pages\/3969"}],"collection":[{"href":"https:\/\/balticwind.eu\/pl\/wp-json\/wp\/v2\/pages"}],"about":[{"href":"https:\/\/balticwind.eu\/pl\/wp-json\/wp\/v2\/types\/page"}],"author":[{"embeddable":true,"href":"https:\/\/balticwind.eu\/pl\/wp-json\/wp\/v2\/users\/7"}],"replies":[{"embeddable":true,"href":"https:\/\/balticwind.eu\/pl\/wp-json\/wp\/v2\/comments?post=3969"}],"version-history":[{"count":0,"href":"https:\/\/balticwind.eu\/pl\/wp-json\/wp\/v2\/pages\/3969\/revisions"}],"wp:attachment":[{"href":"https:\/\/balticwind.eu\/pl\/wp-json\/wp\/v2\/media?parent=3969"}],"curies":[{"name":"wp","href":"https:\/\/api.w.org\/{rel}","templated":true}]}}